{"id":218,"date":"2018-10-13T18:46:12","date_gmt":"2018-10-13T23:46:12","guid":{"rendered":"https:\/\/www.laresasesores.com\/?page_id=218"},"modified":"2018-11-14T01:19:13","modified_gmt":"2018-11-14T07:19:13","slug":"seguro-empresarial","status":"publish","type":"page","link":"https:\/\/www.laresasesores.com\/index.php\/seguro-empresarial\/","title":{"rendered":"Seguro Empresarial"},"content":{"rendered":"<p>[vc_row el_class=\u00bbscroll\u00bb css=\u00bb.vc_custom_1542179392035{margin-bottom: 0px !important;padding-top: 4% !important;padding-bottom: 0px !important;}\u00bb][vc_column][vc_raw_html css=\u00bb.vc_custom_1542179941245{margin-bottom: 0px !important;}\u00bb]JTNDdWwlMjBjbGFzcyUzRCUyMmludGVyLW1lbnUlMjIlM0UlMEElMDklM0NsaSUyMGNsYXNzJTNEJTIyaW50ZXItbWVudSUyMiUzRSUzQ2g1JTNFJTNDYSUyMGNsYXNzJTNEJTIyc2Nyb2xsJTIyJTIwaHJlZiUzRCUyMiUyM2Rhbm9zJTIyJTNFRGElMjZOdGlsZGUlM0JvcyUzQyUyRmElM0UlM0MlMkZoNSUzRSUzQyUyRmxpJTNFJTBBJTA5JTNDbGklMjBjbGFzcyUzRCUyMmludGVyLW1lbnUlMjIlM0UlM0NoNSUzRSUzQ2ElMjBjbGFzcyUzRCUyMnNjcm9sbCUyMiUyMGhyZWYlM0QlMjIlMjN0cmFuc3BvcnRlJTIyJTNFVHJhbnNwb3J0ZSUzQyUyRmElM0UlM0MlMkZoNSUzRSUzQyUyRmxpJTNFJTBBJTA5JTNDbGklMjBjbGFzcyUzRCUyMmludGVyLW1lbnUlMjIlM0UlM0NoNSUzRSUzQ2ElMjBjbGFzcyUzRCUyMnNjcm9sbCUyMiUyMGhyZWYlM0QlMjIlMjNmbG90aWxsYSUyMiUzRUZsb3RpbGxhJTNDJTJGYSUzRSUzQyUyRmg1JTNFJTNDJTJGbGklM0UlMEElMDklM0NsaSUyMGNsYXNzJTNEJTIyaW50ZXItbWVudSUyMiUzRSUzQ2g1JTNFJTNDYSUyMGNsYXNzJTNEJTIyc2Nyb2xsJTIyJTIwaHJlZiUzRCUyMiUyM2dhc3Rvc21lZGljb3NlbXByZXNhcmlhbCUyMiUzRUdhc3RvcyUyME0lMjZlYWN1dGUlM0JkaWNvcyUzQyUyRmElM0UlM0MlMkZoNSUzRSUzQyUyRmxpJTNFJTBBJTA5JTNDbGklMjBjbGFzcyUzRCUyMmludGVyLW1lbnUlMjIlM0UlM0NoNSUzRSUzQ2ElMjBjbGFzcyUzRCUyMnNjcm9sbCUyMiUyMGhyZWYlM0QlMjIlMjNlcXVpcG8lMjIlM0VFcXVpcG8lM0MlMkZhJTNFJTNDJTJGaDUlM0UlM0MlMkZsaSUzRSUwQSUzQyUyRnVsJTNFJTBB[\/vc_raw_html][\/vc_column][\/vc_row][vc_row equal_height=\u00bbyes\u00bb css=\u00bb.vc_custom_1542179434197{padding-top: 5% !important;padding-bottom: 6% !important;}\u00bb el_id=\u00bbdanos\u00bb][vc_column width=\u00bb1\/2&#8243; offset=\u00bbvc_hidden-xs\u00bb][vc_single_image image=\u00bb277&#8243; img_size=\u00bbfull\u00bb style=\u00bbvc_box_rounded\u00bb][\/vc_column][vc_column width=\u00bb1\/2&#8243;][vc_raw_html el_class=\u00bbfloatingIcon\u00bb]JTNDc3BhbiUyMGNsYXNzJTNEJTIydmNfaWNvbl9lbGVtZW50LWljb24lMjBmYSUyMGZhLWJ1aWxkaW5nJTIyJTNFJTNDJTJGc3BhbiUzRQ==[\/vc_raw_html][vc_column_text]<\/p>\n<h2>Da\u00f1os.<\/h2>\n<p>En esta p\u00f3liza se contemplan todas las secciones y coberturas que requiere una empresa para cubrir sus bienes, tales como edificios, maquinaria y equipo, p\u00e9rdidas consecuenciales, mercanc\u00edas, Responsabilidad Civil, etc.[\/vc_column_text][vc_btn title=\u00bbCOTIZA AHORA\u00bb style=\u00bbgradient-custom\u00bb gradient_custom_color_1=\u00bb#e30028&#8243; gradient_custom_color_2=\u00bb#a6002c\u00bb shape=\u00bbround\u00bb size=\u00bblg\u00bb align=\u00bbleft\u00bb i_icon_fontawesome=\u00bbfa fa-comments\u00bb css_animation=\u00bbbounceIn\u00bb add_icon=\u00bbtrue\u00bb custom_onclick=\u00bbtrue\u00bb css=\u00bb.vc_custom_1536619646632{padding-right: 0px !important;padding-left: 0px !important;}\u00bb custom_onclick_code=\u00bbFB.CustomerChat.showDialog();\u00bb][vc_single_image image=\u00bb197&#8243; img_size=\u00bbfull\u00bb][\/vc_column][\/vc_row][vc_row full_width=\u00bbstretch_row\u00bb equal_height=\u00bbyes\u00bb css=\u00bb.vc_custom_1539474963797{padding-top: 10% !important;padding-bottom: 6% !important;background-color: #e8e8e8 !important;}\u00bb el_id=\u00bbtransporte\u00bb][vc_column width=\u00bb1\/2&#8243;][vc_raw_html el_class=\u00bbfloatingIcon\u00bb]JTNDc3BhbiUyMGNsYXNzJTNEJTIydmNfaWNvbl9lbGVtZW50LWljb24lMjBmYSUyMGZhLXRydWNrJTIyJTNFJTNDJTJGc3BhbiUzRQ==[\/vc_raw_html][vc_column_text]<\/p>\n<h2>Transporte<\/h2>\n<p>Cubrimos los riesgos y da\u00f1os que puedan sufrir las mercanc\u00edas, materia prima y maquinaria que la empresa requiera trasladar, ofreciendo coberturas de todo riesgo, con maniobras de carga y descarga , bodega a bodega, nacional, internacional, terrestres, a\u00e9reos o mar\u00edtimo.[\/vc_column_text][vc_btn title=\u00bbCOTIZA AHORA\u00bb style=\u00bbgradient-custom\u00bb gradient_custom_color_1=\u00bb#e30028&#8243; gradient_custom_color_2=\u00bb#a6002c\u00bb shape=\u00bbround\u00bb size=\u00bblg\u00bb align=\u00bbleft\u00bb i_icon_fontawesome=\u00bbfa fa-comments\u00bb css_animation=\u00bbbounceIn\u00bb add_icon=\u00bbtrue\u00bb custom_onclick=\u00bbtrue\u00bb css=\u00bb.vc_custom_1536619646632{padding-right: 0px !important;padding-left: 0px !important;}\u00bb custom_onclick_code=\u00bbFB.CustomerChat.showDialog();\u00bb][vc_single_image image=\u00bb198&#8243; img_size=\u00bbfull\u00bb el_class=\u00bbimageMultiply\u00bb][\/vc_column][vc_column width=\u00bb1\/2&#8243; offset=\u00bbvc_hidden-xs\u00bb][vc_single_image image=\u00bb276&#8243; img_size=\u00bbfull\u00bb style=\u00bbvc_box_rounded\u00bb][\/vc_column][\/vc_row][vc_row equal_height=\u00bbyes\u00bb css=\u00bb.vc_custom_1539474978554{padding-top: 10% !important;padding-bottom: 6% !important;}\u00bb el_id=\u00bbflotilla\u00bb][vc_column width=\u00bb1\/2&#8243; offset=\u00bbvc_hidden-xs\u00bb][vc_single_image image=\u00bb274&#8243; img_size=\u00bbfull\u00bb style=\u00bbvc_box_rounded\u00bb][\/vc_column][vc_column width=\u00bb1\/2&#8243;][vc_raw_html el_class=\u00bbfloatingIcon\u00bb]JTNDc3BhbiUyMGNsYXNzJTNEJTIydmNfaWNvbl9lbGVtZW50LWljb24lMjBmYSUyMGZhLWNhciUyMiUzRSUzQyUyRnNwYW4lM0U=[\/vc_raw_html][vc_column_text]<\/p>\n<h2>Flotilla.<\/h2>\n<p>El equipo de transporte propiedad de la empresa lo cubrimos en p\u00f3lizas de flotilla de autos y camiones, bajo coberturas Amplia, Limitada o RC<br \/>\nPor el n\u00famero de unidades se dise\u00f1an esquemas espec\u00edficos de cobertura y adm\u00f3n. de las mismas.[\/vc_column_text][vc_btn title=\u00bbCOTIZA AHORA\u00bb style=\u00bbgradient-custom\u00bb gradient_custom_color_1=\u00bb#e30028&#8243; gradient_custom_color_2=\u00bb#a6002c\u00bb shape=\u00bbround\u00bb size=\u00bblg\u00bb align=\u00bbleft\u00bb i_icon_fontawesome=\u00bbfa fa-comments\u00bb css_animation=\u00bbbounceIn\u00bb add_icon=\u00bbtrue\u00bb custom_onclick=\u00bbtrue\u00bb css=\u00bb.vc_custom_1536619646632{padding-right: 0px !important;padding-left: 0px !important;}\u00bb custom_onclick_code=\u00bbFB.CustomerChat.showDialog();\u00bb][vc_single_image image=\u00bb199&#8243; img_size=\u00bbfull\u00bb][\/vc_column][\/vc_row][vc_row full_width=\u00bbstretch_row\u00bb equal_height=\u00bbyes\u00bb css=\u00bb.vc_custom_1539475001719{padding-top: 10% !important;padding-bottom: 6% !important;background-color: #e8e8e8 !important;}\u00bb el_id=\u00bbgastosmedicosempresarial\u00bb][vc_column width=\u00bb1\/2&#8243;][vc_raw_html el_class=\u00bbfloatingIcon\u00bb]JTNDc3BhbiUyMGNsYXNzJTNEJTIydmNfaWNvbl9lbGVtZW50LWljb24lMjBmYSUyMGZhLWhlYXJ0YmVhdCUyMiUzRSUzQyUyRnNwYW4lM0U=[\/vc_raw_html][vc_column_text]<\/p>\n<h2>Colectivo Vida y Gastos M\u00e9dicos mayores.<\/h2>\n<p>Sin duda alguna el recurso Humano, es uno de los m\u00e1s importantes recursos de la empresa y para ellos contamos con los seguros de Vida y Gastos M\u00e9dicos, con p\u00f3lizas de Grupo y Colectivo[\/vc_column_text][vc_btn title=\u00bbCOTIZA AHORA\u00bb style=\u00bbgradient-custom\u00bb gradient_custom_color_1=\u00bb#e30028&#8243; gradient_custom_color_2=\u00bb#a6002c\u00bb shape=\u00bbround\u00bb size=\u00bblg\u00bb align=\u00bbleft\u00bb i_icon_fontawesome=\u00bbfa fa-comments\u00bb css_animation=\u00bbbounceIn\u00bb add_icon=\u00bbtrue\u00bb custom_onclick=\u00bbtrue\u00bb css=\u00bb.vc_custom_1536619646632{padding-right: 0px !important;padding-left: 0px !important;}\u00bb custom_onclick_code=\u00bbFB.CustomerChat.showDialog();\u00bb][vc_single_image image=\u00bb200&#8243; img_size=\u00bbfull\u00bb][\/vc_column][vc_column width=\u00bb1\/2&#8243; offset=\u00bbvc_hidden-xs\u00bb][vc_single_image image=\u00bb275&#8243; img_size=\u00bbfull\u00bb style=\u00bbvc_box_rounded\u00bb][\/vc_column][\/vc_row][vc_row equal_height=\u00bbyes\u00bb css=\u00bb.vc_custom_1539475045620{padding-top: 10% !important;padding-bottom: 6% !important;}\u00bb el_id=\u00bbequipo\u00bb][vc_column width=\u00bb1\/2&#8243; offset=\u00bbvc_hidden-xs\u00bb][vc_single_image image=\u00bb278&#8243; img_size=\u00bbfull\u00bb style=\u00bbvc_box_rounded\u00bb][\/vc_column][vc_column width=\u00bb1\/2&#8243;][vc_raw_html el_class=\u00bbfloatingIcon\u00bb]JTNDc3BhbiUyMGNsYXNzJTNEJTIydmNfaWNvbl9lbGVtZW50LWljb24lMjBmYSUyMGZhLXVzZXJzJTIyJTNFJTNDJTJGc3BhbiUzRQ==[\/vc_raw_html][vc_column_text]<\/p>\n<h2>Equipo de Contratistas.<\/h2>\n<p>Es un seguro que ofrece cobertura a equipos fijos semifijo maquinaria autopropulsada (no cuente con placas)o remolcada contra los riesgos expuestos durante su uso en proyectos de construcci\u00f3n montajes de maquinaria o actividades agr\u00edcolas.<\/p>\n<ul>\n<li>Implementos agr\u00edcolas<\/li>\n<li>Maquinaria agr\u00edcola<\/li>\n<li>Maquinaria y equipo de construcci\u00f3n<\/li>\n<\/ul>\n<p>[\/vc_column_text][vc_btn title=\u00bbCOTIZA AHORA\u00bb style=\u00bbgradient-custom\u00bb gradient_custom_color_1=\u00bb#e30028&#8243; gradient_custom_color_2=\u00bb#a6002c\u00bb shape=\u00bbround\u00bb size=\u00bblg\u00bb align=\u00bbleft\u00bb i_icon_fontawesome=\u00bbfa fa-comments\u00bb css_animation=\u00bbbounceIn\u00bb add_icon=\u00bbtrue\u00bb custom_onclick=\u00bbtrue\u00bb css=\u00bb.vc_custom_1536619646632{padding-right: 0px !important;padding-left: 0px !important;}\u00bb custom_onclick_code=\u00bbFB.CustomerChat.showDialog();\u00bb][vc_single_image image=\u00bb199&#8243; img_size=\u00bbfull\u00bb][\/vc_column][\/vc_row][vc_row][vc_column][vc_raw_html]JTNDZGl2JTIwY2xhc3MlM0QlMjJmYi1jdXN0b21lcmNoYXQlMjIlMEElMjAlMjBhdHRyaWJ1dGlvbiUzRHNldHVwX3Rvb2wlMEElMjAlMjBwYWdlX2lkJTNEJTIyMzk1OTE3ODAwODk2ODE4JTIyJTBBJTIwJTIwdGhlbWVfY29sb3IlM0QlMjIlMjNkNDAwMjIlMjIlMEElMjAlMjBsb2dnZWRfaW5fZ3JlZXRpbmclM0QlMjJIYWJsYSUyMGNvbiUyMHVuJTIwQXNlc29yJTNBJTIyJTBBJTIwJTIwbG9nZ2VkX291dF9ncmVldGluZyUzRCUyMkhhYmxhJTIwY29uJTIwdW4lMjBBc2Vzb3IlM0ElMjIlMEElMjAlMjBncmVldGluZ19kaWFsb2dfZGlzcGxheSUzRCUyMmhpZGUlMjIlMEElM0MlMkZkaXYlM0U=[\/vc_raw_html][\/vc_column][\/vc_row]<\/p>\n","protected":false},"excerpt":{"rendered":"<p>[vc_row el_class=\u00bbscroll\u00bb css=\u00bb.vc_custom_1542179392035{margin-bottom: 0px !important;padding-top: 4% !important;padding-bottom: 0px !important;}\u00bb][vc_column][vc_raw_html css=\u00bb.vc_custom_1542179941245{margin-bottom: 0px !important;}\u00bb]JTNDdWwlMjBjbGFzcyUzRCUyMmludGVyLW1lbnUlMjIlM0UlMEElMDklM0NsaSUyMGNsYXNzJTNEJTIyaW50ZXItbWVudSUyMiUzRSUzQ2g1JTNFJTNDYSUyMGNsYXNzJTNEJTIyc2Nyb2xsJTIyJTIwaHJlZiUzRCUyMiUyM2Rhbm9zJTIyJTNFRGElMjZOdGlsZGUlM0JvcyUzQyUyRmElM0UlM0MlMkZoNSUzRSUzQyUyRmxpJTNFJTBBJTA5JTNDbGklMjBjbGFzcyUzRCUyMmludGVyLW1lbnUlMjIlM0UlM0NoNSUzRSUzQ2ElMjBjbGFzcyUzRCUyMnNjcm9sbCUyMiUyMGhyZWYlM0QlMjIlMjN0cmFuc3BvcnRlJTIyJTNFVHJhbnNwb3J0ZSUzQyUyRmElM0UlM0MlMkZoNSUzRSUzQyUyRmxpJTNFJTBBJTA5JTNDbGklMjBjbGFzcyUzRCUyMmludGVyLW1lbnUlMjIlM0UlM0NoNSUzRSUzQ2ElMjBjbGFzcyUzRCUyMnNjcm9sbCUyMiUyMGhyZWYlM0QlMjIlMjNmbG90aWxsYSUyMiUzRUZsb3RpbGxhJTNDJTJGYSUzRSUzQyUyRmg1JTNFJTNDJTJGbGklM0UlMEElMDklM0NsaSUyMGNsYXNzJTNEJTIyaW50ZXItbWVudSUyMiUzRSUzQ2g1JTNFJTNDYSUyMGNsYXNzJTNEJTIyc2Nyb2xsJTIyJTIwaHJlZiUzRCUyMiUyM2dhc3Rvc21lZGljb3NlbXByZXNhcmlhbCUyMiUzRUdhc3RvcyUyME0lMjZlYWN1dGUlM0JkaWNvcyUzQyUyRmElM0UlM0MlMkZoNSUzRSUzQyUyRmxpJTNFJTBBJTA5JTNDbGklMjBjbGFzcyUzRCUyMmludGVyLW1lbnUlMjIlM0UlM0NoNSUzRSUzQ2ElMjBjbGFzcyUzRCUyMnNjcm9sbCUyMiUyMGhyZWYlM0QlMjIlMjNlcXVpcG8lMjIlM0VFcXVpcG8lM0MlMkZhJTNFJTNDJTJGaDUlM0UlM0MlMkZsaSUzRSUwQSUzQyUyRnVsJTNFJTBB[\/vc_raw_html][\/vc_column][\/vc_row][vc_row equal_height=\u00bbyes\u00bb css=\u00bb.vc_custom_1542179434197{padding-top: 5% !important;padding-bottom: 6% !important;}\u00bb el_id=\u00bbdanos\u00bb][vc_column width=\u00bb1\/2&#8243; offset=\u00bbvc_hidden-xs\u00bb][vc_single_image image=\u00bb277&#8243; img_size=\u00bbfull\u00bb style=\u00bbvc_box_rounded\u00bb][\/vc_column][vc_column width=\u00bb1\/2&#8243;][vc_raw_html el_class=\u00bbfloatingIcon\u00bb]JTNDc3BhbiUyMGNsYXNzJTNEJTIydmNfaWNvbl9lbGVtZW50LWljb24lMjBmYSUyMGZhLWJ1aWxkaW5nJTIyJTNFJTNDJTJGc3BhbiUzRQ==[\/vc_raw_html][vc_column_text]<span class=\"excerpt-hellip\"> [\u2026]<\/span><\/p>\n","protected":false},"author":1,"featured_media":0,"parent":0,"menu_order":0,"comment_status":"closed","ping_status":"closed","template":"","meta":{"jetpack_post_was_ever_published":false,"footnotes":""},"class_list":["post-218","page","type-page","status-publish","hentry"],"jetpack_shortlink":"https:\/\/wp.me\/PalZED-3w","jetpack_sharing_enabled":true,"_links":{"self":[{"href":"https:\/\/www.laresasesores.com\/index.php\/wp-json\/wp\/v2\/pages\/218","targetHints":{"allow":["GET"]}}],"collection":[{"href":"https:\/\/www.laresasesores.com\/index.php\/wp-json\/wp\/v2\/pages"}],"about":[{"href":"https:\/\/www.laresasesores.com\/index.php\/wp-json\/wp\/v2\/types\/page"}],"author":[{"embeddable":true,"href":"https:\/\/www.laresasesores.com\/index.php\/wp-json\/wp\/v2\/users\/1"}],"replies":[{"embeddable":true,"href":"https:\/\/www.laresasesores.com\/index.php\/wp-json\/wp\/v2\/comments?post=218"}],"version-history":[{"count":26,"href":"https:\/\/www.laresasesores.com\/index.php\/wp-json\/wp\/v2\/pages\/218\/revisions"}],"predecessor-version":[{"id":296,"href":"https:\/\/www.laresasesores.com\/index.php\/wp-json\/wp\/v2\/pages\/218\/revisions\/296"}],"wp:attachment":[{"href":"https:\/\/www.laresasesores.com\/index.php\/wp-json\/wp\/v2\/media?parent=218"}],"curies":[{"name":"wp","href":"https:\/\/api.w.org\/{rel}","templated":true}]}}