{"id":241,"date":"2018-10-13T19:24:40","date_gmt":"2018-10-14T00:24:40","guid":{"rendered":"https:\/\/www.laresasesores.com\/?page_id=241"},"modified":"2018-11-14T01:27:45","modified_gmt":"2018-11-14T07:27:45","slug":"seguro-agricola","status":"publish","type":"page","link":"https:\/\/www.laresasesores.com\/index.php\/seguro-agricola\/","title":{"rendered":"Seguro Agr\u00edcola"},"content":{"rendered":"<p>[vc_row equal_height=\u00bbyes\u00bb css=\u00bb.vc_custom_1539399077971{padding-top: 10% !important;padding-bottom: 6% !important;}\u00bb el_id=\u00bbauto\u00bb][vc_column width=\u00bb1\/2&#8243;][vc_single_image image=\u00bb242&#8243; img_size=\u00bbfull\u00bb style=\u00bbvc_box_rounded\u00bb][\/vc_column][vc_column width=\u00bb1\/2&#8243;][vc_raw_html el_class=\u00bbfloatingIcon\u00bb]JTNDc3BhbiUyMGNsYXNzJTNEJTIydmNfaWNvbl9lbGVtZW50LWljb24lMjBmYSUyMGZhLXdoZWF0JTIyJTNFJTNDJTJGc3BhbiUzRQ==[\/vc_raw_html][vc_column_text]<\/p>\n<h2>Seguro Agr\u00edcola.<\/h2>\n<p>El Seguro Agr\u00edcola protege diversos tipos de cultivos en cada ciclo de producci\u00f3n<br \/>\n(primavera-verano, oto\u00f1o-invierno) contra diferentes riesgos como Incendio, Granizo, Sequ\u00eda o Inundaci\u00f3n, entre otros. Cotizamos en base a tus necesidades y nos encargamos de tramitar el Subsidio Federal a la prima, que supone una gran ayuda para el agricultor.<\/p>\n<p>Acorde a cada ciclo puedes asegurar los siguientes tipos de cultivo: cebada, trigo, ma\u00edz, frijol, sorgo, hortalizas, frutales, arroz, soya y forestales.[\/vc_column_text][vc_btn title=\u00bbCOTIZA AHORA\u00bb style=\u00bbgradient-custom\u00bb gradient_custom_color_1=\u00bb#e30028&#8243; gradient_custom_color_2=\u00bb#a6002c\u00bb shape=\u00bbround\u00bb size=\u00bblg\u00bb align=\u00bbleft\u00bb i_icon_fontawesome=\u00bbfa fa-comments\u00bb css_animation=\u00bbbounceIn\u00bb add_icon=\u00bbtrue\u00bb custom_onclick=\u00bbtrue\u00bb css=\u00bb.vc_custom_1536619646632{padding-right: 0px !important;padding-left: 0px !important;}\u00bb custom_onclick_code=\u00bbFB.CustomerChat.showDialog();\u00bb][vc_single_image image=\u00bb197&#8243; img_size=\u00bbfull\u00bb][\/vc_column][\/vc_row][vc_row][vc_column][vc_raw_html]JTNDZGl2JTIwY2xhc3MlM0QlMjJmYi1jdXN0b21lcmNoYXQlMjIlMEElMjAlMjBhdHRyaWJ1dGlvbiUzRHNldHVwX3Rvb2wlMEElMjAlMjBwYWdlX2lkJTNEJTIyMzk1OTE3ODAwODk2ODE4JTIyJTBBJTIwJTIwdGhlbWVfY29sb3IlM0QlMjIlMjNkNDAwMjIlMjIlMEElMjAlMjBsb2dnZWRfaW5fZ3JlZXRpbmclM0QlMjJIYWJsYSUyMGNvbiUyMHVuJTIwQXNlc29yJTNBJTIyJTBBJTIwJTIwbG9nZ2VkX291dF9ncmVldGluZyUzRCUyMkhhYmxhJTIwY29uJTIwdW4lMjBBc2Vzb3IlM0ElMjIlMEElMjAlMjBncmVldGluZ19kaWFsb2dfZGlzcGxheSUzRCUyMmhpZGUlMjIlMEElM0MlMkZkaXYlM0U=[\/vc_raw_html][\/vc_column][\/vc_row]<\/p>\n","protected":false},"excerpt":{"rendered":"<p>[vc_row equal_height=\u00bbyes\u00bb css=\u00bb.vc_custom_1539399077971{padding-top: 10% !important;padding-bottom: 6% !important;}\u00bb el_id=\u00bbauto\u00bb][vc_column width=\u00bb1\/2&#8243;][vc_single_image image=\u00bb242&#8243; img_size=\u00bbfull\u00bb style=\u00bbvc_box_rounded\u00bb][\/vc_column][vc_column width=\u00bb1\/2&#8243;][vc_raw_html el_class=\u00bbfloatingIcon\u00bb]JTNDc3BhbiUyMGNsYXNzJTNEJTIydmNfaWNvbl9lbGVtZW50LWljb24lMjBmYSUyMGZhLXdoZWF0JTIyJTNFJTNDJTJGc3BhbiUzRQ==[\/vc_raw_html][vc_column_text] Seguro Agr\u00edcola. El Seguro Agr\u00edcola protege diversos tipos de cultivos en cada<span class=\"excerpt-hellip\"> [\u2026]<\/span><\/p>\n","protected":false},"author":1,"featured_media":0,"parent":0,"menu_order":0,"comment_status":"closed","ping_status":"closed","template":"","meta":{"jetpack_post_was_ever_published":false,"footnotes":""},"class_list":["post-241","page","type-page","status-publish","hentry"],"jetpack_shortlink":"https:\/\/wp.me\/PalZED-3T","jetpack_sharing_enabled":true,"_links":{"self":[{"href":"https:\/\/www.laresasesores.com\/index.php\/wp-json\/wp\/v2\/pages\/241","targetHints":{"allow":["GET"]}}],"collection":[{"href":"https:\/\/www.laresasesores.com\/index.php\/wp-json\/wp\/v2\/pages"}],"about":[{"href":"https:\/\/www.laresasesores.com\/index.php\/wp-json\/wp\/v2\/types\/page"}],"author":[{"embeddable":true,"href":"https:\/\/www.laresasesores.com\/index.php\/wp-json\/wp\/v2\/users\/1"}],"replies":[{"embeddable":true,"href":"https:\/\/www.laresasesores.com\/index.php\/wp-json\/wp\/v2\/comments?post=241"}],"version-history":[{"count":2,"href":"https:\/\/www.laresasesores.com\/index.php\/wp-json\/wp\/v2\/pages\/241\/revisions"}],"predecessor-version":[{"id":301,"href":"https:\/\/www.laresasesores.com\/index.php\/wp-json\/wp\/v2\/pages\/241\/revisions\/301"}],"wp:attachment":[{"href":"https:\/\/www.laresasesores.com\/index.php\/wp-json\/wp\/v2\/media?parent=241"}],"curies":[{"name":"wp","href":"https:\/\/api.w.org\/{rel}","templated":true}]}}